{"id":1359,"date":"2024-05-18T00:37:35","date_gmt":"2024-05-18T00:37:35","guid":{"rendered":"https:\/\/fundacionsr.org\/propuesta\/index.php\/servicios\/"},"modified":"2024-07-03T18:05:09","modified_gmt":"2024-07-03T18:05:09","slug":"servicios","status":"publish","type":"page","link":"https:\/\/fundacionsr.org\/index.php\/servicios\/","title":{"rendered":"Servicios"},"content":{"rendered":"<div data-colibri-id=\"1359-c1\" class=\"style-997 style-local-1359-c1 position-relative\">\n  <!---->\n  <div data-colibri-component=\"section\" data-colibri-id=\"1359-c2\" id=\"asesorialegal\" class=\"h-section h-section-global-spacing d-flex align-items-lg-center align-items-md-center align-items-center style-998 style-local-1359-c2 position-relative\">\n    <!---->\n    <!---->\n    <div class=\"h-section-grid-container h-section-boxed-container\">\n      <!---->\n      <div data-colibri-id=\"1359-c3\" class=\"h-row-container gutters-row-lg-2 gutters-row-md-2 gutters-row-2 gutters-row-v-lg-2 gutters-row-v-md-2 gutters-row-v-2 style-999 style-local-1359-c3 position-relative\">\n        <!---->\n        <div class=\"h-row justify-content-lg-center justify-content-md-center justify-content-center align-items-lg-stretch align-items-md-stretch align-items-stretch gutters-col-lg-2 gutters-col-md-2 gutters-col-2 gutters-col-v-lg-2 gutters-col-v-md-2 gutters-col-v-2\">\n          <!---->\n          <div class=\"h-column h-column-container d-flex h-col-lg-auto h-col-md-auto h-col-auto style-1000-outer style-local-1359-c4-outer\">\n            <div data-colibri-id=\"1359-c4\" class=\"d-flex h-flex-basis h-column__inner h-px-lg-2 h-px-md-2 h-px-2 v-inner-lg-2 v-inner-md-2 v-inner-2 style-1000 style-local-1359-c4 position-relative\">\n              <!---->\n              <!---->\n              <div class=\"w-100 h-y-container h-column__content h-column__v-align flex-basis-100 align-self-lg-center align-self-md-center align-self-center\">\n                <!---->\n                <div data-colibri-id=\"1359-c5\" class=\"d-block style-1001 style-local-1359-c5 position-relative h-element\">\n                  <!---->\n                  <div class=\"h-image__frame-container-outer\">\n                    <div class=\"h-image__frame-container\">\n                      <!---->\n                      <!---->\n                      <img loading=\"lazy\" decoding=\"async\" width=\"1664\" height=\"1664\" src=\"https:\/\/fundacionsr.org\/wp-content\/uploads\/2024\/05\/cropped-man-making-his-move-scaled-1.jpg\" class=\"wp-image-1362 style-1001-image style-local-1359-c5-image\" alt=\"\" srcset=\"https:\/\/fundacionsr.org\/wp-content\/uploads\/2024\/05\/cropped-man-making-his-move-scaled-1.jpg 1664w, https:\/\/fundacionsr.org\/wp-content\/uploads\/2024\/05\/cropped-man-making-his-move-scaled-1-300x300.jpg 300w, https:\/\/fundacionsr.org\/wp-content\/uploads\/2024\/05\/cropped-man-making-his-move-scaled-1-1024x1024.jpg 1024w, https:\/\/fundacionsr.org\/wp-content\/uploads\/2024\/05\/cropped-man-making-his-move-scaled-1-150x150.jpg 150w, https:\/\/fundacionsr.org\/wp-content\/uploads\/2024\/05\/cropped-man-making-his-move-scaled-1-768x768.jpg 768w, https:\/\/fundacionsr.org\/wp-content\/uploads\/2024\/05\/cropped-man-making-his-move-scaled-1-1536x1536.jpg 1536w\" sizes=\"auto, (max-width: 1664px) 100vw, 1664px\" \/>\n                      <div class=\"h-image__frame h-image__frame_shadow h-hide-sm style-1001-frameImage style-local-1359-c5-frameImage\"><\/div>\n                    <\/div>\n                  <\/div>\n                <\/div>\n              <\/div>\n            <\/div>\n          <\/div>\n          <div class=\"h-column h-column-container d-flex h-col-lg-auto h-col-md-auto h-col-auto style-1002-outer style-local-1359-c6-outer\">\n            <div data-colibri-id=\"1359-c6\" class=\"d-flex h-flex-basis h-column__inner h-px-lg-2 h-px-md-2 h-px-2 v-inner-lg-2 v-inner-md-2 v-inner-2 style-1002 style-local-1359-c6 position-relative\">\n              <!---->\n              <!---->\n              <div class=\"w-100 h-y-container h-column__content h-column__v-align flex-basis-100 align-self-lg-center align-self-md-center align-self-center\">\n                <!---->\n                <div data-colibri-id=\"1359-c7\" class=\"h-global-transition-all h-heading style-1003 style-local-1359-c7 position-relative h-element\">\n                  <!---->\n                  <div class=\"h-heading__outer style-1003 style-local-1359-c7\">\n                    <!---->\n                    <!---->\n                    <h3 class=\"\">Asesor\u00eda legal<\/h3>\n                  <\/div>\n                <\/div>\n                <div data-colibri-id=\"1359-c8\" class=\"h-lead h-text h-text-component style-1004 style-local-1359-c8 position-relative h-element\">\n                  <!---->\n                  <!---->\n                  <div class=\"\">\n                    <p>Consiste en brindar informaci\u00f3n clara y comprensible sobre derechos y obligaciones en diversos \u00e1mbitos del derecho, como el civil, penal, laboral, administrativo, entre otros.<\/p>\n                  <\/div>\n                <\/div>\n                <div data-colibri-id=\"1359-c9\" class=\"h-row-container gutters-row-lg-0 gutters-row-md-0 gutters-row-0 gutters-row-v-lg-0 gutters-row-v-md-0 gutters-row-v-0 style-1005 style-local-1359-c9 position-relative\">\n                  <!---->\n                  <div class=\"h-row justify-content-lg-center justify-content-md-center justify-content-center align-items-lg-stretch align-items-md-stretch align-items-stretch gutters-col-lg-0 gutters-col-md-0 gutters-col-0 gutters-col-v-lg-0 gutters-col-v-md-0 gutters-col-v-0\">\n                    <!---->\n                    <div class=\"h-column h-column-container d-flex h-col-lg-6 h-col-md-6 h-col-12 style-1006-outer style-local-1359-c10-outer\">\n                      <div data-colibri-id=\"1359-c10\" class=\"d-flex h-flex-basis h-column__inner h-px-lg-2 h-px-md-2 h-px-2 v-inner-lg-2 v-inner-md-2 v-inner-2 style-1006 style-local-1359-c10 position-relative\">\n                        <!---->\n                        <!---->\n                        <div class=\"w-100 h-y-container h-column__content h-column__v-align flex-basis-100 align-self-lg-start align-self-md-start align-self-start\">\n                          <!---->\n                          <div data-colibri-id=\"1359-c11\" class=\"h-icon style-1007 style-local-1359-c11 position-relative h-element\">\n                            <!----><span class=\"h-svg-icon h-icon__icon style-1007-icon style-local-1359-c11-icon\"><!--Icon by Font Awesome (https:\/\/fontawesome.com)-->\n    <svg version=\"1.1\" xmlns=\"http:\/\/www.w3.org\/2000\/svg\" xmlns:xlink=\"http:\/\/www.w3.org\/1999\/xlink\" id=\"balance-scale\" viewBox=\"0 0 2304 1896.0833\">\n      <path d=\"M1728 448l-384 704h768zm-1280 0L64 1152h768zm821-192q-14 40-45.5 71.5T1152 373v1291h608q14 0 23 9t9 23v64q0 14-9 23t-23 9H416q-14 0-23-9t-9-23v-64q0-14 9-23t23-9h608V373q-40-14-71.5-45.5T907 256H416q-14 0-23-9t-9-23v-64q0-14 9-23t23-9h491q21-57 70-92.5T1088 0t111 35.5 70 92.5h491q14 0 23 9t9 23v64q0 14-9 23t-23 9h-491zm-181 16q33 0 56.5-23.5T1168 192t-23.5-56.5T1088 112t-56.5 23.5T1008 192t23.5 56.5T1088 272zm1088 880q0 73-46.5 131t-117.5 91-144.5 49.5T1728 1440t-139.5-16.5T1444 1374t-117.5-91-46.5-131q0-11 35-81t92-174.5T1514 701t102-184 56-100q18-33 56-33t56 33q4 7 56 100t102 184 107 195.5 92 174.5 35 81zm-1280 0q0 73-46.5 131T732 1374t-144.5 49.5T448 1440t-139.5-16.5T164 1374t-117.5-91T0 1152q0-11 35-81t92-174.5T234 701t102-184 56-100q18-33 56-33t56 33q4 7 56 100t102 184 107 195.5 92 174.5 35 81z\"><\/path>\n    <\/svg><\/span><\/div>\n                          <div data-colibri-id=\"1359-c12\" class=\"h-global-transition-all h-heading style-1008 style-local-1359-c12 position-relative h-element\">\n                            <!---->\n                            <div class=\"h-heading__outer style-1008 style-local-1359-c12\">\n                              <!---->\n                              <!---->\n                              <h5 class=\"\">Asesoramiento legal<\/h5>\n                            <\/div>\n                          <\/div>\n                          <div data-colibri-id=\"1359-c13\" class=\"h-text h-text-component style-1009 style-local-1359-c13 position-relative h-element\">\n                            <!---->\n                            <!---->\n                            <div class=\"\">\n                              <p>Explicaci\u00f3n de las leyes aplicables a una situaci\u00f3n particular y c\u00f3mo afectan a los derechos y deberes de los cuidadanos<\/p>\n                            <\/div>\n                          <\/div>\n                        <\/div>\n                      <\/div>\n                    <\/div>\n                    <div class=\"h-column h-column-container d-flex h-col-lg-6 h-col-md-6 h-col-12 style-1006-outer style-local-1359-c14-outer\">\n                      <div data-colibri-id=\"1359-c14\" class=\"d-flex h-flex-basis h-column__inner h-px-lg-2 h-px-md-2 h-px-2 v-inner-lg-2 v-inner-md-2 v-inner-2 style-1006 style-local-1359-c14 position-relative\">\n                        <!---->\n                        <!---->\n                        <div class=\"w-100 h-y-container h-column__content h-column__v-align flex-basis-100 align-self-lg-start align-self-md-start align-self-start\">\n                          <!---->\n                          <div data-colibri-id=\"1359-c15\" class=\"h-icon style-1007 style-local-1359-c15 position-relative h-element\">\n                            <!----><span class=\"h-svg-icon h-icon__icon style-1007-icon style-local-1359-c15-icon\"><!--Icon by Font Awesome (https:\/\/fontawesome.com)-->\n    <svg version=\"1.1\" xmlns=\"http:\/\/www.w3.org\/2000\/svg\" xmlns:xlink=\"http:\/\/www.w3.org\/1999\/xlink\" id=\"question-circle\" viewBox=\"0 0 1536 1896.0833\">\n      <path d=\"M896 1376v-192q0-14-9-23t-23-9H672q-14 0-23 9t-9 23v192q0 14 9 23t23 9h192q14 0 23-9t9-23zm256-672q0-88-55.5-163T958 425t-170-41q-243 0-371 213-15 24 8 42l132 100q7 6 19 6 16 0 25-12 53-68 86-92 34-24 86-24 48 0 85.5 26t37.5 59q0 38-20 61t-68 45q-63 28-115.5 86.5T640 1020v36q0 14 9 23t23 9h192q14 0 23-9t9-23q0-19 21.5-49.5T972 957q32-18 49-28.5t46-35 44.5-48 28-60.5 12.5-81zm384 192q0 209-103 385.5T1153.5 1561 768 1664t-385.5-103T103 1281.5 0 896t103-385.5T382.5 231 768 128t385.5 103T1433 510.5 1536 896z\"><\/path>\n    <\/svg><\/span><\/div>\n                          <div data-colibri-id=\"1359-c16\" class=\"h-global-transition-all h-heading style-1008 style-local-1359-c16 position-relative h-element\">\n                            <!---->\n                            <div class=\"h-heading__outer style-1008 style-local-1359-c16\">\n                              <!---->\n                              <!---->\n                              <h5 class=\"\">Resoluci\u00f3n de dudas:<\/h5>\n                            <\/div>\n                          <\/div>\n                          <div data-colibri-id=\"1359-c17\" class=\"h-text h-text-component style-1009 style-local-1359-c17 position-relative h-element\">\n                            <!---->\n                            <!---->\n                            <div class=\"\">\n                              <p>Aclaraci\u00f3n de preguntas sobre procedimientos legales, documentos legales, t\u00e9rminos jur\u00eddicos, entre otros<\/p>\n                            <\/div>\n                          <\/div>\n                        <\/div>\n                      <\/div>\n                    <\/div>\n                    <div class=\"h-column h-column-container d-flex h-col-lg-6 h-col-md-6 h-col-12 style-1006-outer style-local-1359-c18-outer\">\n                      <div data-colibri-id=\"1359-c18\" class=\"d-flex h-flex-basis h-column__inner h-px-lg-2 h-px-md-2 h-px-2 v-inner-lg-2 v-inner-md-2 v-inner-2 style-1006 style-local-1359-c18 position-relative\">\n                        <!---->\n                        <!---->\n                        <div class=\"w-100 h-y-container h-column__content h-column__v-align flex-basis-100 align-self-lg-start align-self-md-start align-self-start\">\n                          <!---->\n                          <div data-colibri-id=\"1359-c19\" class=\"h-icon style-1007 style-local-1359-c19 position-relative h-element\">\n                            <!----><span class=\"h-svg-icon h-icon__icon style-1007-icon style-local-1359-c19-icon\"><!--Icon by Icons8 Line Awesome (https:\/\/icons8.com\/line-awesome)--><svg version=\"1.1\" xmlns=\"http:\/\/www.w3.org\/2000\/svg\" xmlns:xlink=\"http:\/\/www.w3.org\/1999\/xlink\" id=\"comments\" viewBox=\"0 0 512 545.5\"><path d=\"M32 112h320v256H197.5L122 428.5l-26 21V368H32V112zm32 32v192h64v46.5l54-43 4.5-3.5H320V144H64zm320 32h96v256h-64v81.5L314.5 432h-149l40-32h120l58.5 46.5V400h64V208h-64v-32z\"><\/path><\/svg><\/span><\/div>\n                          <div\n                            data-colibri-id=\"1359-c20\" class=\"h-global-transition-all h-heading style-1008 style-local-1359-c20 position-relative h-element\">\n                            <!---->\n                            <div class=\"h-heading__outer style-1008 style-local-1359-c20\">\n                              <!---->\n                              <!---->\n                              <h5 class=\"\">Interpretaci\u00f3n de normativas<\/h5>\n                            <\/div>\n                        <\/div>\n                        <div data-colibri-id=\"1359-c21\" class=\"h-text h-text-component style-1009 style-local-1359-c21 position-relative h-element\">\n                          <!---->\n                          <!---->\n                          <div class=\"\">\n                            <p>Explicaci\u00f3n de c\u00f3mo se aplican las leyes y regulaciones vigentes en situaciones espec\u00edficas.<\/p>\n                          <\/div>\n                        <\/div>\n                      <\/div>\n                    <\/div>\n                  <\/div>\n                  <div class=\"h-column h-column-container d-flex h-col-lg-6 h-col-md-6 h-col-12 style-1006-outer style-local-1359-c22-outer\">\n                    <div data-colibri-id=\"1359-c22\" class=\"d-flex h-flex-basis h-column__inner h-px-lg-2 h-px-md-2 h-px-2 v-inner-lg-2 v-inner-md-2 v-inner-2 style-1006 style-local-1359-c22 position-relative\">\n                      <!---->\n                      <!---->\n                      <div class=\"w-100 h-y-container h-column__content h-column__v-align flex-basis-100 align-self-lg-start align-self-md-start align-self-start\">\n                        <!---->\n                        <div data-colibri-id=\"1359-c23\" class=\"h-icon style-1007 style-local-1359-c23 position-relative h-element\">\n                          <!----><span class=\"h-svg-icon h-icon__icon style-1007-icon style-local-1359-c23-icon\"><!--Icon by Material Icons (https:\/\/material.io)--><svg version=\"1.1\" xmlns=\"http:\/\/www.w3.org\/2000\/svg\" xmlns:xlink=\"http:\/\/www.w3.org\/1999\/xlink\" id=\"account_balance\" viewBox=\"0 0 512 512\"><path d=\"M245 21l203 107v43H43v-43L245 21zm96 192h64v150h-64V213zM43 469v-64h405v64H43zm170-256h64v150h-64V213zm-128 0h64v150H85V213z\"><\/path><\/svg><\/span><\/div>\n                        <div\n                          data-colibri-id=\"1359-c24\" class=\"h-global-transition-all h-heading style-1008 style-local-1359-c24 position-relative h-element\">\n                          <!---->\n                          <div class=\"h-heading__outer style-1008 style-local-1359-c24\">\n                            <!---->\n                            <!---->\n                            <h5 class=\"\">Derivaci\u00f3n a otros profesionales<\/h5>\n                          <\/div>\n                      <\/div>\n                      <div data-colibri-id=\"1359-c25\" class=\"h-text h-text-component style-1009 style-local-1359-c25 position-relative h-element\">\n                        <!---->\n                        <!---->\n                        <div class=\"\">\n                          <p>Cuando es necesario, orientaci\u00f3n sobre la necesidad de consultar a un abogado especializado en \u00e1reas particulares del derecho<\/p>\n                        <\/div>\n                      <\/div>\n                    <\/div>\n                  <\/div>\n                <\/div>\n              <\/div>\n            <\/div>\n          <\/div>\n        <\/div>\n      <\/div>\n    <\/div>\n  <\/div>\n<\/div>\n<\/div>\n<div data-colibri-component=\"section\" data-colibri-id=\"1359-c30\" id=\"ayudavivienda\" class=\"h-section h-section-global-spacing d-flex align-items-lg-center align-items-md-center align-items-center style-1014 style-local-1359-c30 position-relative\">\n  <!---->\n  <!---->\n  <div class=\"h-section-grid-container h-section-fluid-container\">\n    <!---->\n    <div data-colibri-id=\"1359-c31\" class=\"h-row-container gutters-row-lg-0 gutters-row-md-0 gutters-row-2 gutters-row-v-lg-0 gutters-row-v-md-0 gutters-row-v-2 style-1015 style-local-1359-c31 position-relative\">\n      <!---->\n      <div class=\"h-row justify-content-lg-center justify-content-md-center justify-content-center align-items-lg-stretch align-items-md-stretch align-items-stretch gutters-col-lg-0 gutters-col-md-0 gutters-col-2 gutters-col-v-lg-0 gutters-col-v-md-0 gutters-col-v-2\">\n        <!---->\n        <div class=\"h-column h-column-container d-flex h-col-lg-auto h-col-md-auto h-col-auto style-1016-outer style-local-1359-c32-outer\">\n          <div data-colibri-id=\"1359-c32\" class=\"d-flex h-flex-basis h-column__inner h-px-lg-0 h-px-md-0 h-px-0 v-inner-lg-0 v-inner-md-0 v-inner-0 style-1016 style-local-1359-c32 position-relative\">\n            <!---->\n            <!---->\n            <div class=\"w-100 h-y-container h-column__content h-column__v-align flex-basis-100 align-self-lg-start align-self-md-start align-self-start\">\n              <!---->\n              <div data-colibri-id=\"1359-c33\" class=\"h-global-transition-all h-heading style-1018 style-local-1359-c33 position-relative h-element\">\n                <!---->\n                <div class=\"h-heading__outer style-1018 style-local-1359-c33\">\n                  <!---->\n                  <!---->\n                  <h2 class=\"\">Ayuda para vivienda<\/h2>\n                <\/div>\n              <\/div>\n              <div data-colibri-id=\"1359-c34\" class=\"h-text h-text-component style-1019 style-local-1359-c34 position-relative h-element\">\n                <!---->\n                <!---->\n                <div class=\"\">\n                  <p>Brindar informaci\u00f3n que pueda ser \u00fatil para adquirir una vivienda o alg\u00fan apoyo para vivienda por instancias correspondientes<\/p>\n                <\/div>\n              <\/div>\n              <div data-colibri-id=\"1359-c35\" class=\"h-row-container gutters-row-lg-2 gutters-row-md-2 gutters-row-0 gutters-row-v-lg-2 gutters-row-v-md-2 gutters-row-v-0 style-1020 style-local-1359-c35 position-relative\">\n                <!---->\n                <div class=\"h-row justify-content-lg-center justify-content-md-center justify-content-center align-items-lg-stretch align-items-md-stretch align-items-stretch gutters-col-lg-2 gutters-col-md-2 gutters-col-0 gutters-col-v-lg-2 gutters-col-v-md-2 gutters-col-v-0\">\n                  <!---->\n                  <div class=\"h-column h-column-container d-flex h-col-lg-6 h-col-md-6 h-col-6 style-1021-outer style-local-1359-c36-outer\">\n                    <div data-colibri-id=\"1359-c36\" class=\"d-flex h-flex-basis h-column__inner h-px-lg-0 h-px-md-0 h-px-0 v-inner-lg-0 v-inner-md-0 v-inner-0 style-1021 style-local-1359-c36 position-relative\">\n                      <!---->\n                      <!---->\n                      <div class=\"w-100 h-y-container h-column__content h-column__v-align flex-basis-100 align-self-lg-start align-self-md-start align-self-start\">\n                        <!---->\n                        <div data-colibri-id=\"1359-c37\" class=\"h-global-transition-all h-heading style-1022 style-local-1359-c37 position-relative h-element\">\n                          <!---->\n                          <div class=\"h-heading__outer style-1022 style-local-1359-c37\">\n                            <!---->\n                            <!---->\n                            <h5 class=\"\">ADQUIRIR UN CREDITO PARA VIVIENDA<\/h5>\n                          <\/div>\n                        <\/div>\n                        <div data-colibri-id=\"1359-c38\" class=\"h-text h-text-component style-1023 style-local-1359-c38 position-relative h-element\">\n                          <!---->\n                          <!---->\n                          <div class=\"\">\n                            <p>Se orienta a las personas con informaci\u00f3n sobre las instituciones financieras para la adquisici\u00f3n de una vivienda y sean de gobierno y del sector privado<\/p>\n                          <\/div>\n                        <\/div>\n                      <\/div>\n                    <\/div>\n                  <\/div>\n                  <div class=\"h-column h-column-container d-flex h-col-lg-6 h-col-md-6 h-col-6 style-1021-outer style-local-1359-c39-outer\">\n                    <div data-colibri-id=\"1359-c39\" class=\"d-flex h-flex-basis h-column__inner h-px-lg-0 h-px-md-0 h-px-0 v-inner-lg-0 v-inner-md-0 v-inner-0 style-1021 style-local-1359-c39 position-relative\">\n                      <!---->\n                      <!---->\n                      <div class=\"w-100 h-y-container h-column__content h-column__v-align flex-basis-100 align-self-lg-start align-self-md-start align-self-start\">\n                        <!---->\n                        <div data-colibri-id=\"1359-c40\" class=\"h-global-transition-all h-heading style-1022 style-local-1359-c40 position-relative h-element\">\n                          <!---->\n                          <div class=\"h-heading__outer style-1022 style-local-1359-c40\">\n                            <!---->\n                            <!---->\n                            <h5 class=\"\">Programas de Asistencia Gubernamental<\/h5>\n                          <\/div>\n                        <\/div>\n                        <div data-colibri-id=\"1359-c41\" class=\"h-text h-text-component style-1023 style-local-1359-c41 position-relative h-element\">\n                          <!---->\n                          <!---->\n                          <div class=\"\">\n                            <p>Orientamos a las personas sobre donde pueden recibir apoyos para sus viviendas<\/p>\n                          <\/div>\n                        <\/div>\n                      <\/div>\n                    <\/div>\n                  <\/div>\n                  <div class=\"h-column h-column-container d-flex h-col-lg-6 h-col-md-6 h-col-6 style-1021-outer style-local-1359-c42-outer\">\n                    <div data-colibri-id=\"1359-c42\" class=\"d-flex h-flex-basis h-column__inner h-ui-empty-state-container h-px-lg-0 h-px-md-0 h-px-0 v-inner-lg-0 v-inner-md-0 v-inner-0 style-1021 style-local-1359-c42 position-relative\">\n                      <!---->\n                      <!---->\n                      <div class=\"w-100 h-y-container h-column__content h-column__v-align flex-basis-100\">\n                        <!---->\n                      <\/div>\n                    <\/div>\n                  <\/div>\n                <\/div>\n              <\/div>\n            <\/div>\n          <\/div>\n        <\/div>\n        <div class=\"h-column h-column-container d-flex h-col-lg-auto h-col-md-auto h-col-auto style-1024-outer style-local-1359-c43-outer\">\n          <div data-colibri-id=\"1359-c43\" class=\"d-flex h-flex-basis h-column__inner h-ui-empty-state-container h-px-lg-0 h-px-md-0 h-px-0 v-inner-lg-0 v-inner-md-0 v-inner-0 style-1024 style-local-1359-c43 position-relative\">\n            <!---->\n            <!---->\n            <div class=\"w-100 h-y-container h-column__content h-column__v-align flex-basis-100\">\n              <!---->\n            <\/div>\n          <\/div>\n        <\/div>\n      <\/div>\n    <\/div>\n  <\/div>\n<\/div>\n<\/div>","protected":false},"excerpt":{"rendered":"<p>Asesor\u00eda legal Consiste en brindar informaci\u00f3n clara y comprensible sobre derechos y obligaciones en diversos \u00e1mbitos del derecho, como el civil, penal, laboral, administrativo, entre otros. Asesoramiento legal Explicaci\u00f3n de las leyes aplicables a una situaci\u00f3n particular y c\u00f3mo afectan a los derechos y deberes de los cuidadanos Resoluci\u00f3n de dudas: Aclaraci\u00f3n de preguntas sobre [&hellip;]<\/p>\n","protected":false},"author":1,"featured_media":0,"parent":0,"menu_order":0,"comment_status":"closed","ping_status":"closed","template":"page-templates\/full-width-page.php","meta":{"footnotes":""},"class_list":["post-1359","page","type-page","status-publish","hentry"],"_links":{"self":[{"href":"https:\/\/fundacionsr.org\/index.php\/wp-json\/wp\/v2\/pages\/1359","targetHints":{"allow":["GET"]}}],"collection":[{"href":"https:\/\/fundacionsr.org\/index.php\/wp-json\/wp\/v2\/pages"}],"about":[{"href":"https:\/\/fundacionsr.org\/index.php\/wp-json\/wp\/v2\/types\/page"}],"author":[{"embeddable":true,"href":"https:\/\/fundacionsr.org\/index.php\/wp-json\/wp\/v2\/users\/1"}],"replies":[{"embeddable":true,"href":"https:\/\/fundacionsr.org\/index.php\/wp-json\/wp\/v2\/comments?post=1359"}],"version-history":[{"count":10,"href":"https:\/\/fundacionsr.org\/index.php\/wp-json\/wp\/v2\/pages\/1359\/revisions"}],"predecessor-version":[{"id":2338,"href":"https:\/\/fundacionsr.org\/index.php\/wp-json\/wp\/v2\/pages\/1359\/revisions\/2338"}],"wp:attachment":[{"href":"https:\/\/fundacionsr.org\/index.php\/wp-json\/wp\/v2\/media?parent=1359"}],"curies":[{"name":"wp","href":"https:\/\/api.w.org\/{rel}","templated":true}]}}